{"id":1001,"date":"2022-12-14T23:40:57","date_gmt":"2022-12-14T23:40:57","guid":{"rendered":"https:\/\/oakgent.be\/politique-de-confidentialite\/"},"modified":"2023-01-17T07:13:19","modified_gmt":"2023-01-17T07:13:19","slug":"politique-de-confidentialite","status":"publish","type":"page","link":"https:\/\/oakgent.be\/fr\/politique-de-confidentialite\/","title":{"rendered":"Politique de confidentialit\u00e9"},"content":{"rendered":"\t\t<div data-elementor-type=\"wp-page\" data-elementor-id=\"1001\" class=\"elementor elementor-1001 elementor-539\" data-elementor-post-type=\"page\">\n\t\t\t\t\t\t<section class=\"elementor-section elementor-top-section elementor-element elementor-element-5d7ec81 elementor-section-height-min-height elementor-section-boxed elementor-section-height-default elementor-section-items-middle\" data-id=\"5d7ec81\" data-element_type=\"section\">\n\t\t\t\t\t\t<div class=\"elementor-container elementor-column-gap-default\">\n\t\t\t\t\t<div class=\"elementor-column elementor-col-100 elementor-top-column elementor-element elementor-element-81c9cef\" data-id=\"81c9cef\" data-element_type=\"column\">\n\t\t\t<div class=\"elementor-widget-wrap elementor-element-populated\">\n\t\t\t\t\t\t<div class=\"elementor-element elementor-element-198bd78 elementor-hidden-desktop elementor-hidden-tablet elementor-hidden-widescreen elementor-widget elementor-widget-heading\" data-id=\"198bd78\" data-element_type=\"widget\" data-widget_type=\"heading.default\">\n\t\t\t\t<div class=\"elementor-widget-container\">\n\t\t\t\t\t<h2 class=\"elementor-heading-title elementor-size-default\">OAK<\/h2>\t\t\t\t<\/div>\n\t\t\t\t<\/div>\n\t\t\t\t<div class=\"elementor-element elementor-element-b6d3425 elementor-widget elementor-widget-heading\" data-id=\"b6d3425\" data-element_type=\"widget\" data-widget_type=\"heading.default\">\n\t\t\t\t<div class=\"elementor-widget-container\">\n\t\t\t\t\t<h2 class=\"elementor-heading-title elementor-size-default\">Politique de confidentialit\u00e9<\/h2>\t\t\t\t<\/div>\n\t\t\t\t<\/div>\n\t\t\t\t<div class=\"elementor-element elementor-element-f33b994 elementor-widget elementor-widget-text-editor\" data-id=\"f33b994\" data-element_type=\"widget\" data-widget_type=\"text-editor.default\">\n\t\t\t\t<div class=\"elementor-widget-container\">\n\t\t\t\t\t\t\t\t\t<p><strong>Politique de confidentialit\u00e9<\/strong> pour OAK, propri\u00e9taire de <a href=\"https:\/\/oakgent.be\/\">OAKGENT.be<\/a><\/p>\n<p><strong>1) Garanties de confidentialit\u00e9<\/strong><\/p>\n<p>Assurer la confidentialit\u00e9 des visiteurs de <a href=\"https:\/\/oakgent.be\/\">OAKGENT.be<\/a> est une t\u00e2che importante pour nous. C&rsquo;est pourquoi nous d\u00e9crivons dans notre politique de confidentialit\u00e9 quelles informations nous collectons et comment nous utilisons ces informations.<\/p>\n<p><strong>2) Consentement<\/strong><\/p>\n<p>En utilisant les informations et les services sur <a href=\"https:\/\/oakgent.be\/\">OAKGENT.be<\/a>, vous acceptez notre politique de confidentialit\u00e9 et les termes qui y sont contenus.<\/p>\n<p><strong>3) Questions<\/strong><\/p>\n<p>Si vous souhaitez plus d&rsquo;informations ou avez des questions sur la politique de confidentialit\u00e9 de OAK et sp\u00e9cifiquement <a href=\"https:\/\/oakgent.be\/\">OAKGENT.be<\/a>, vous pouvez nous contacter par email. Notre adresse email est <a href=\"mailto:info@oakgent.be\" target=\"_new\">info@oakgent.be<\/a>.<\/p>\n<p><strong>4) Moniteur le comportement des visiteurs<\/strong><\/p>\n<p><a href=\"https:\/\/oakgent.be\/\">OAKGENT.be<\/a> utilise diff\u00e9rentes techniques pour suivre qui visite le site web, comment le visiteur se comporte sur le site web et quelles pages sont visit\u00e9es. C&rsquo;est une pratique courante pour les sites web car cela fournit des informations qui contribuent \u00e0 la qualit\u00e9 de l&rsquo;exp\u00e9rience utilisateur. Les informations que nous enregistrons \u00e0 travers les cookies comprennent les adresses IP, le type de navigateur et les pages de d\u00e9marrage visit\u00e9es.<\/p>\n<p>Nous surveillons \u00e9galement l&rsquo;endroit o\u00f9 les visiteurs visitent pour la premi\u00e8re fois le site web et \u00e0 partir de quelle page ils quittent. Nous gardons ces informations anonymes et elles ne sont pas li\u00e9es \u00e0 d&rsquo;autres informations personnelles.<\/p>\n<p><strong>5) Utilisation des cookies<\/strong><\/p>\n<p>OAKGENT.be place des cookies avec les visiteurs. Nous le faisons pour collecter des informations sur les pages que les utilisateurs visitent sur notre site web, pour suivre combien de fois les visiteurs reviennent et pour voir quelles pages fonctionnent bien sur le site web. Nous suivons \u00e9galement les informations que le navigateur partage.<\/p>\n<p><strong>6) D\u00e9sactiver les cookies<\/strong><\/p>\n<p>Vous pouvez choisir de d\u00e9sactiver les cookies. Vous pouvez le faire en utilisant les options de votre navigateur. Vous pouvez trouver plus d&rsquo;informations sur ces options sur le site web du fournisseur de votre navigateur.<\/p>\n<p><strong>7) WooCommerce<\/strong><\/p>\n<p>Notre boutique en ligne utilise WooCommerce pour traiter et exp\u00e9dier les commandes. Dans ce cadre, nous recueillons certaines donn\u00e9es personnelles de nos clients, telles que le nom, l\u2019adresse et l\u2019adresse \u00e9lectronique.<\/p>\n<p>Ces donn\u00e9es ne sont utilis\u00e9es que pour l\u2019exp\u00e9dition des produits command\u00e9s et ne sont pas utilis\u00e9es \u00e0 d\u2019autres fins. De plus, nous ne conservons ces donn\u00e9es que pour la dur\u00e9e de l\u2019exp\u00e9dition et les supprimons ensuite.<\/p>\n<p>Nos clients ont toujours le droit de consulter, de modifier ou de supprimer leurs donn\u00e9es personnelles. Pour cela, vous pouvez nous contacter par e-mail (<a class=\"link white\" href=\"mailto:info@oakgent.be\">info@oakgent.be<\/a>) ou par t\u00e9l\u00e9phone\u00a0(09\/353 90 50). Nous r\u00e9pondrons \u00e0 votre demande dans les plus brefs d\u00e9lais.<\/p>\n<p>Nous garantissons la s\u00e9curit\u00e9 des donn\u00e9es collect\u00e9es et prenons les mesures appropri\u00e9es pour emp\u00eacher tout acc\u00e8s, utilisation, modification ou destruction non autoris\u00e9s.<\/p>\n<p>Si vous avez des questions ou des commentaires concernant notre politique de confidentialit\u00e9, n\u2019h\u00e9sitez pas \u00e0 nous contacter.<\/p>\n\t\t\t\t\t\t\t\t<\/div>\n\t\t\t\t<\/div>\n\t\t\t\t\t<\/div>\n\t\t<\/div>\n\t\t\t\t\t<\/div>\n\t\t<\/section>\n\t\t\t\t<\/div>\n\t\t","protected":false},"excerpt":{"rendered":"<p>OAK Politique de confidentialit\u00e9 Politique de confidentialit\u00e9 pour OAK, propri\u00e9taire de OAKGENT.be 1) Garanties de confidentialit\u00e9 Assurer la confidentialit\u00e9 des visiteurs de OAKGENT.be est une t\u00e2che importante pour nous. C&rsquo;est pourquoi nous d\u00e9crivons dans notre politique de confidentialit\u00e9 quelles informations nous collectons et comment nous utilisons ces informations. 2) Consentement En utilisant les informations et [&hellip;]<\/p>\n","protected":false},"author":1,"featured_media":0,"parent":0,"menu_order":0,"comment_status":"closed","ping_status":"closed","template":"","meta":{"_acf_changed":false,"footnotes":""},"class_list":["post-1001","page","type-page","status-publish","hentry"],"acf":[],"yoast_head":"<!-- This site is optimized with the Yoast SEO plugin v26.5 - https:\/\/yoast.com\/wordpress\/plugins\/seo\/ -->\n<title>Politique de confidentialit\u00e9 - Oak Gent<\/title>\n<meta name=\"robots\" content=\"index, follow, max-snippet:-1, max-image-preview:large, max-video-preview:-1\" \/>\n<link rel=\"canonical\" href=\"https:\/\/oakgent.be\/fr\/politique-de-confidentialite\/\" \/>\n<meta property=\"og:locale\" content=\"fr_FR\" \/>\n<meta property=\"og:type\" content=\"article\" \/>\n<meta property=\"og:title\" content=\"Politique de confidentialit\u00e9 - Oak Gent\" \/>\n<meta property=\"og:description\" content=\"OAK Politique de confidentialit\u00e9 Politique de confidentialit\u00e9 pour OAK, propri\u00e9taire de OAKGENT.be 1) Garanties de confidentialit\u00e9 Assurer la confidentialit\u00e9 des visiteurs de OAKGENT.be est une t\u00e2che importante pour nous. C&rsquo;est pourquoi nous d\u00e9crivons dans notre politique de confidentialit\u00e9 quelles informations nous collectons et comment nous utilisons ces informations. 2) Consentement En utilisant les informations et [&hellip;]\" \/>\n<meta property=\"og:url\" content=\"https:\/\/oakgent.be\/fr\/politique-de-confidentialite\/\" \/>\n<meta property=\"og:site_name\" content=\"Oak Gent\" \/>\n<meta property=\"article:publisher\" content=\"https:\/\/www.facebook.com\/Oakgent\" \/>\n<meta property=\"article:modified_time\" content=\"2023-01-17T07:13:19+00:00\" \/>\n<meta name=\"twitter:card\" content=\"summary_large_image\" \/>\n<meta name=\"twitter:label1\" content=\"Dur\u00e9e de lecture estim\u00e9e\" \/>\n\t<meta name=\"twitter:data1\" content=\"2 minutes\" \/>\n<script type=\"application\/ld+json\" class=\"yoast-schema-graph\">{\"@context\":\"https:\/\/schema.org\",\"@graph\":[{\"@type\":\"WebPage\",\"@id\":\"https:\/\/oakgent.be\/fr\/politique-de-confidentialite\/\",\"url\":\"https:\/\/oakgent.be\/fr\/politique-de-confidentialite\/\",\"name\":\"Politique de confidentialit\u00e9 - Oak Gent\",\"isPartOf\":{\"@id\":\"https:\/\/oakgent.be\/fr\/#website\"},\"datePublished\":\"2022-12-14T23:40:57+00:00\",\"dateModified\":\"2023-01-17T07:13:19+00:00\",\"breadcrumb\":{\"@id\":\"https:\/\/oakgent.be\/fr\/politique-de-confidentialite\/#breadcrumb\"},\"inLanguage\":\"fr-FR\",\"potentialAction\":[{\"@type\":\"ReadAction\",\"target\":[\"https:\/\/oakgent.be\/fr\/politique-de-confidentialite\/\"]}]},{\"@type\":\"BreadcrumbList\",\"@id\":\"https:\/\/oakgent.be\/fr\/politique-de-confidentialite\/#breadcrumb\",\"itemListElement\":[{\"@type\":\"ListItem\",\"position\":1,\"name\":\"Home\",\"item\":\"https:\/\/oakgent.be\/fr\/\"},{\"@type\":\"ListItem\",\"position\":2,\"name\":\"Politique de confidentialit\u00e9\"}]},{\"@type\":\"WebSite\",\"@id\":\"https:\/\/oakgent.be\/fr\/#website\",\"url\":\"https:\/\/oakgent.be\/fr\/\",\"name\":\"Oak Gent\",\"description\":\"\",\"publisher\":{\"@id\":\"https:\/\/oakgent.be\/fr\/#organization\"},\"potentialAction\":[{\"@type\":\"SearchAction\",\"target\":{\"@type\":\"EntryPoint\",\"urlTemplate\":\"https:\/\/oakgent.be\/fr\/?s={search_term_string}\"},\"query-input\":{\"@type\":\"PropertyValueSpecification\",\"valueRequired\":true,\"valueName\":\"search_term_string\"}}],\"inLanguage\":\"fr-FR\"},{\"@type\":\"Organization\",\"@id\":\"https:\/\/oakgent.be\/fr\/#organization\",\"name\":\"Oak Gent\",\"url\":\"https:\/\/oakgent.be\/fr\/\",\"logo\":{\"@type\":\"ImageObject\",\"inLanguage\":\"fr-FR\",\"@id\":\"https:\/\/oakgent.be\/fr\/#\/schema\/logo\/image\/\",\"url\":\"https:\/\/oakgent.be\/wp-content\/uploads\/2022\/12\/cropped-favicon-2.jpg\",\"contentUrl\":\"https:\/\/oakgent.be\/wp-content\/uploads\/2022\/12\/cropped-favicon-2.jpg\",\"width\":512,\"height\":512,\"caption\":\"Oak Gent\"},\"image\":{\"@id\":\"https:\/\/oakgent.be\/fr\/#\/schema\/logo\/image\/\"},\"sameAs\":[\"https:\/\/www.facebook.com\/Oakgent\",\"https:\/\/www.instagram.com\/oak_gent\/\"]}]}<\/script>\n<!-- \/ Yoast SEO plugin. -->","yoast_head_json":{"title":"Politique de confidentialit\u00e9 - Oak Gent","robots":{"index":"index","follow":"follow","max-snippet":"max-snippet:-1","max-image-preview":"max-image-preview:large","max-video-preview":"max-video-preview:-1"},"canonical":"https:\/\/oakgent.be\/fr\/politique-de-confidentialite\/","og_locale":"fr_FR","og_type":"article","og_title":"Politique de confidentialit\u00e9 - Oak Gent","og_description":"OAK Politique de confidentialit\u00e9 Politique de confidentialit\u00e9 pour OAK, propri\u00e9taire de OAKGENT.be 1) Garanties de confidentialit\u00e9 Assurer la confidentialit\u00e9 des visiteurs de OAKGENT.be est une t\u00e2che importante pour nous. C&rsquo;est pourquoi nous d\u00e9crivons dans notre politique de confidentialit\u00e9 quelles informations nous collectons et comment nous utilisons ces informations. 2) Consentement En utilisant les informations et [&hellip;]","og_url":"https:\/\/oakgent.be\/fr\/politique-de-confidentialite\/","og_site_name":"Oak Gent","article_publisher":"https:\/\/www.facebook.com\/Oakgent","article_modified_time":"2023-01-17T07:13:19+00:00","twitter_card":"summary_large_image","twitter_misc":{"Dur\u00e9e de lecture estim\u00e9e":"2 minutes"},"schema":{"@context":"https:\/\/schema.org","@graph":[{"@type":"WebPage","@id":"https:\/\/oakgent.be\/fr\/politique-de-confidentialite\/","url":"https:\/\/oakgent.be\/fr\/politique-de-confidentialite\/","name":"Politique de confidentialit\u00e9 - Oak Gent","isPartOf":{"@id":"https:\/\/oakgent.be\/fr\/#website"},"datePublished":"2022-12-14T23:40:57+00:00","dateModified":"2023-01-17T07:13:19+00:00","breadcrumb":{"@id":"https:\/\/oakgent.be\/fr\/politique-de-confidentialite\/#breadcrumb"},"inLanguage":"fr-FR","potentialAction":[{"@type":"ReadAction","target":["https:\/\/oakgent.be\/fr\/politique-de-confidentialite\/"]}]},{"@type":"BreadcrumbList","@id":"https:\/\/oakgent.be\/fr\/politique-de-confidentialite\/#breadcrumb","itemListElement":[{"@type":"ListItem","position":1,"name":"Home","item":"https:\/\/oakgent.be\/fr\/"},{"@type":"ListItem","position":2,"name":"Politique de confidentialit\u00e9"}]},{"@type":"WebSite","@id":"https:\/\/oakgent.be\/fr\/#website","url":"https:\/\/oakgent.be\/fr\/","name":"Oak Gent","description":"","publisher":{"@id":"https:\/\/oakgent.be\/fr\/#organization"},"potentialAction":[{"@type":"SearchAction","target":{"@type":"EntryPoint","urlTemplate":"https:\/\/oakgent.be\/fr\/?s={search_term_string}"},"query-input":{"@type":"PropertyValueSpecification","valueRequired":true,"valueName":"search_term_string"}}],"inLanguage":"fr-FR"},{"@type":"Organization","@id":"https:\/\/oakgent.be\/fr\/#organization","name":"Oak Gent","url":"https:\/\/oakgent.be\/fr\/","logo":{"@type":"ImageObject","inLanguage":"fr-FR","@id":"https:\/\/oakgent.be\/fr\/#\/schema\/logo\/image\/","url":"https:\/\/oakgent.be\/wp-content\/uploads\/2022\/12\/cropped-favicon-2.jpg","contentUrl":"https:\/\/oakgent.be\/wp-content\/uploads\/2022\/12\/cropped-favicon-2.jpg","width":512,"height":512,"caption":"Oak Gent"},"image":{"@id":"https:\/\/oakgent.be\/fr\/#\/schema\/logo\/image\/"},"sameAs":["https:\/\/www.facebook.com\/Oakgent","https:\/\/www.instagram.com\/oak_gent\/"]}]}},"jetpack_sharing_enabled":true,"_links":{"self":[{"href":"https:\/\/oakgent.be\/fr\/wp-json\/wp\/v2\/pages\/1001","targetHints":{"allow":["GET"]}}],"collection":[{"href":"https:\/\/oakgent.be\/fr\/wp-json\/wp\/v2\/pages"}],"about":[{"href":"https:\/\/oakgent.be\/fr\/wp-json\/wp\/v2\/types\/page"}],"author":[{"embeddable":true,"href":"https:\/\/oakgent.be\/fr\/wp-json\/wp\/v2\/users\/1"}],"replies":[{"embeddable":true,"href":"https:\/\/oakgent.be\/fr\/wp-json\/wp\/v2\/comments?post=1001"}],"version-history":[{"count":2,"href":"https:\/\/oakgent.be\/fr\/wp-json\/wp\/v2\/pages\/1001\/revisions"}],"predecessor-version":[{"id":1073,"href":"https:\/\/oakgent.be\/fr\/wp-json\/wp\/v2\/pages\/1001\/revisions\/1073"}],"wp:attachment":[{"href":"https:\/\/oakgent.be\/fr\/wp-json\/wp\/v2\/media?parent=1001"}],"curies":[{"name":"wp","href":"https:\/\/api.w.org\/{rel}","templated":true}]}}