{"id":1005,"date":"2023-01-13T14:29:23","date_gmt":"2023-01-13T14:29:23","guid":{"rendered":"https:\/\/oakgent.be\/conditions-generales\/"},"modified":"2024-12-17T14:14:21","modified_gmt":"2024-12-17T14:14:21","slug":"conditions-generales","status":"publish","type":"page","link":"https:\/\/oakgent.be\/fr\/conditions-generales\/","title":{"rendered":"Conditions g\u00e9n\u00e9rales"},"content":{"rendered":"\t\t<div data-elementor-type=\"wp-page\" data-elementor-id=\"1005\" class=\"elementor elementor-1005 elementor-956\" data-elementor-post-type=\"page\">\n\t\t\t\t\t\t<section class=\"elementor-section elementor-top-section elementor-element elementor-element-5d7ec81 elementor-section-height-min-height elementor-section-boxed elementor-section-height-default elementor-section-items-middle\" data-id=\"5d7ec81\" data-element_type=\"section\">\n\t\t\t\t\t\t<div class=\"elementor-container elementor-column-gap-default\">\n\t\t\t\t\t<div class=\"elementor-column elementor-col-100 elementor-top-column elementor-element elementor-element-81c9cef\" data-id=\"81c9cef\" data-element_type=\"column\">\n\t\t\t<div class=\"elementor-widget-wrap elementor-element-populated\">\n\t\t\t\t\t\t<div class=\"elementor-element elementor-element-198bd78 elementor-hidden-desktop elementor-hidden-tablet elementor-hidden-widescreen elementor-widget elementor-widget-heading\" data-id=\"198bd78\" data-element_type=\"widget\" data-widget_type=\"heading.default\">\n\t\t\t\t<div class=\"elementor-widget-container\">\n\t\t\t\t\t<h2 class=\"elementor-heading-title elementor-size-default\">OAK<\/h2>\t\t\t\t<\/div>\n\t\t\t\t<\/div>\n\t\t\t\t<div class=\"elementor-element elementor-element-b6d3425 elementor-widget elementor-widget-heading\" data-id=\"b6d3425\" data-element_type=\"widget\" data-widget_type=\"heading.default\">\n\t\t\t\t<div class=\"elementor-widget-container\">\n\t\t\t\t\t<h2 class=\"elementor-heading-title elementor-size-default\">Conditions g\u00e9n\u00e9rales<\/h2>\t\t\t\t<\/div>\n\t\t\t\t<\/div>\n\t\t\t\t<div class=\"elementor-element elementor-element-f33b994 elementor-widget elementor-widget-text-editor\" data-id=\"f33b994\" data-element_type=\"widget\" data-widget_type=\"text-editor.default\">\n\t\t\t\t<div class=\"elementor-widget-container\">\n\t\t\t\t\t\t\t\t\t<p><strong>Conditions g\u00e9n\u00e9rales<\/strong><\/p>\n<p>Ces conditions g\u00e9n\u00e9rales s&rsquo;appliquent \u00e0 toutes les commandes pass\u00e9es sur notre boutique en ligne OAK. En passant une commande, vous acceptez ces conditions.<\/p>\n<p><strong>Livraison<\/strong><\/p>\n<p>Nous exp\u00e9dions nos produits via notre transporteur et nous visons \u00e0 exp\u00e9dier les commandes dans les 8 jours. Les frais d&rsquo;exp\u00e9dition pour chaque commande sont de 10\u20ac jusqu&rsquo;\u00e0 30KG.<\/p>\n<p><strong>Retours<\/strong><\/p>\n<p>Les clients peuvent retourner des produits dans les 14 jours suivant la r\u00e9ception, \u00e0 condition que les produits soient non ouverts et non endommag\u00e9s. Pour retourner un produit, contactez notre service client\u00e8le \u00e0 <a href=\"mailto:info@oakgent.be\" target=\"_new\">info@oakgent.be<\/a> pour demander un formulaire de retour. Une fois que nous aurons re\u00e7u le formulaire de retour et que le produit aura \u00e9t\u00e9 v\u00e9rifi\u00e9 pour les conditions ci-dessus, nous vous rembourserons le montant de l&rsquo;achat sur votre compte bancaire.<\/p>\n<p><strong>Paiement<\/strong><\/p>\n<p>Nous proposons les moyens de paiement suivants: Bancontact, Visa et Mastercard. Des frais suppl\u00e9mentaires peuvent s&rsquo;appl<\/p>\n<p>pliquer pour certains moyens de paiement. Voir notre page de paiement pour plus d&rsquo;informations.<\/p>\n<p><strong>Garantie et remplacement<\/strong><\/p>\n<p>Tous nos produits sont livr\u00e9s avec une garantie d&rsquo;usine. Si un produit devient d\u00e9fectueux dans ce d\u00e9lai, nous remplacerons le produit gratuitement. Contactez notre service client\u00e8le \u00e0 <a href=\"mailto:info@oakgent.be\" target=\"_new\">info@oakgent.be<\/a> pour d\u00e9poser une r\u00e9clamation de garantie.<\/p>\n<p><strong>Confidentialit\u00e9<\/strong><\/p>\n<p>Nous respectons la confidentialit\u00e9 de nos clients et ne collectons que les informations personnelles n\u00e9cessaires pour traiter les commandes et envoyer des communications marketing. Nous ne vendons pas d&rsquo;informations personnelles \u00e0 des tiers et prenons des mesures appropri\u00e9es pour prot\u00e9ger les donn\u00e9es. Voir notre politique de confidentialit\u00e9 pour plus d&rsquo;informations.<\/p>\n<p><strong>Avertissement<\/strong><\/p>\n<p>Nous faisons de notre mieux pour maintenir les informations sur notre site web aussi pr\u00e9cises que possible, mais nous ne pouvons pas \u00eatre tenus responsables pour toute erreur ou inexactitude. Nous nous r\u00e9servons le droit de modifier le contenu du site web \u00e0 tout moment sans pr\u00e9avis.<\/p>\n<p><strong>Modifications des conditions g\u00e9n\u00e9rales<\/strong><\/p>\n<p>Nous nous r\u00e9servons le droit de modifier ces conditions g\u00e9n\u00e9rales. Toutes les modifications seront publi\u00e9es sur cette page et seront effectives \u00e0 compter de la date de publication. Nous conseillons aux clients de consulter cette page r\u00e9guli\u00e8rement pour \u00eatre inform\u00e9s des \u00e9ventuelles modifications.<\/p>\n<p><strong>Contact<\/strong><\/p>\n<p>Pour toute question ou commentaire sur ces conditions g\u00e9n\u00e9rales ou sur notre boutique en ligne en g\u00e9n\u00e9ral, contactez notre service client\u00e8le via notre <a href=\"https:\/\/oakgent.be\/contact\/\">formulaire de contac<\/a>t.<\/p>\n<p>KBO OAK BVBA: 0660.869.215<\/p>\n<p>tel:&nbsp;<a href=\"tel:09\/353 90 59\">09\/353 90 59<\/a><br>Email: <a href=\"mailto:Info@oakgent.be\">Info@oakgent.be<\/a><\/p>\t\t\t\t\t\t\t\t<\/div>\n\t\t\t\t<\/div>\n\t\t\t\t\t<\/div>\n\t\t<\/div>\n\t\t\t\t\t<\/div>\n\t\t<\/section>\n\t\t\t\t<\/div>\n\t\t","protected":false},"excerpt":{"rendered":"<p>OAK Conditions g\u00e9n\u00e9rales Conditions g\u00e9n\u00e9rales Ces conditions g\u00e9n\u00e9rales s&rsquo;appliquent \u00e0 toutes les commandes pass\u00e9es sur notre boutique en ligne OAK. En passant une commande, vous acceptez ces conditions. Livraison Nous exp\u00e9dions nos produits via notre transporteur et nous visons \u00e0 exp\u00e9dier les commandes dans les 8 jours. Les frais d&rsquo;exp\u00e9dition pour chaque commande sont de [&hellip;]<\/p>\n","protected":false},"author":1,"featured_media":0,"parent":0,"menu_order":0,"comment_status":"closed","ping_status":"closed","template":"","meta":{"_acf_changed":false,"footnotes":""},"class_list":["post-1005","page","type-page","status-publish","hentry"],"acf":[],"yoast_head":"<!-- This site is optimized with the Yoast SEO plugin v26.5 - https:\/\/yoast.com\/wordpress\/plugins\/seo\/ -->\n<title>Conditions g\u00e9n\u00e9rales - Oak Gent<\/title>\n<meta name=\"robots\" content=\"index, follow, max-snippet:-1, max-image-preview:large, max-video-preview:-1\" \/>\n<link rel=\"canonical\" href=\"https:\/\/oakgent.be\/fr\/conditions-generales\/\" \/>\n<meta property=\"og:locale\" content=\"fr_FR\" \/>\n<meta property=\"og:type\" content=\"article\" \/>\n<meta property=\"og:title\" content=\"Conditions g\u00e9n\u00e9rales - Oak Gent\" \/>\n<meta property=\"og:description\" content=\"OAK Conditions g\u00e9n\u00e9rales Conditions g\u00e9n\u00e9rales Ces conditions g\u00e9n\u00e9rales s&rsquo;appliquent \u00e0 toutes les commandes pass\u00e9es sur notre boutique en ligne OAK. En passant une commande, vous acceptez ces conditions. Livraison Nous exp\u00e9dions nos produits via notre transporteur et nous visons \u00e0 exp\u00e9dier les commandes dans les 8 jours. Les frais d&rsquo;exp\u00e9dition pour chaque commande sont de [&hellip;]\" \/>\n<meta property=\"og:url\" content=\"https:\/\/oakgent.be\/fr\/conditions-generales\/\" \/>\n<meta property=\"og:site_name\" content=\"Oak Gent\" \/>\n<meta property=\"article:publisher\" content=\"https:\/\/www.facebook.com\/Oakgent\" \/>\n<meta property=\"article:modified_time\" content=\"2024-12-17T14:14:21+00:00\" \/>\n<meta name=\"twitter:card\" content=\"summary_large_image\" \/>\n<meta name=\"twitter:label1\" content=\"Dur\u00e9e de lecture estim\u00e9e\" \/>\n\t<meta name=\"twitter:data1\" content=\"2 minutes\" \/>\n<script type=\"application\/ld+json\" class=\"yoast-schema-graph\">{\"@context\":\"https:\/\/schema.org\",\"@graph\":[{\"@type\":\"WebPage\",\"@id\":\"https:\/\/oakgent.be\/fr\/conditions-generales\/\",\"url\":\"https:\/\/oakgent.be\/fr\/conditions-generales\/\",\"name\":\"Conditions g\u00e9n\u00e9rales - Oak Gent\",\"isPartOf\":{\"@id\":\"https:\/\/oakgent.be\/fr\/#website\"},\"datePublished\":\"2023-01-13T14:29:23+00:00\",\"dateModified\":\"2024-12-17T14:14:21+00:00\",\"breadcrumb\":{\"@id\":\"https:\/\/oakgent.be\/fr\/conditions-generales\/#breadcrumb\"},\"inLanguage\":\"fr-FR\",\"potentialAction\":[{\"@type\":\"ReadAction\",\"target\":[\"https:\/\/oakgent.be\/fr\/conditions-generales\/\"]}]},{\"@type\":\"BreadcrumbList\",\"@id\":\"https:\/\/oakgent.be\/fr\/conditions-generales\/#breadcrumb\",\"itemListElement\":[{\"@type\":\"ListItem\",\"position\":1,\"name\":\"Home\",\"item\":\"https:\/\/oakgent.be\/fr\/\"},{\"@type\":\"ListItem\",\"position\":2,\"name\":\"Conditions g\u00e9n\u00e9rales\"}]},{\"@type\":\"WebSite\",\"@id\":\"https:\/\/oakgent.be\/fr\/#website\",\"url\":\"https:\/\/oakgent.be\/fr\/\",\"name\":\"Oak Gent\",\"description\":\"\",\"publisher\":{\"@id\":\"https:\/\/oakgent.be\/fr\/#organization\"},\"potentialAction\":[{\"@type\":\"SearchAction\",\"target\":{\"@type\":\"EntryPoint\",\"urlTemplate\":\"https:\/\/oakgent.be\/fr\/?s={search_term_string}\"},\"query-input\":{\"@type\":\"PropertyValueSpecification\",\"valueRequired\":true,\"valueName\":\"search_term_string\"}}],\"inLanguage\":\"fr-FR\"},{\"@type\":\"Organization\",\"@id\":\"https:\/\/oakgent.be\/fr\/#organization\",\"name\":\"Oak Gent\",\"url\":\"https:\/\/oakgent.be\/fr\/\",\"logo\":{\"@type\":\"ImageObject\",\"inLanguage\":\"fr-FR\",\"@id\":\"https:\/\/oakgent.be\/fr\/#\/schema\/logo\/image\/\",\"url\":\"https:\/\/oakgent.be\/wp-content\/uploads\/2022\/12\/cropped-favicon-2.jpg\",\"contentUrl\":\"https:\/\/oakgent.be\/wp-content\/uploads\/2022\/12\/cropped-favicon-2.jpg\",\"width\":512,\"height\":512,\"caption\":\"Oak Gent\"},\"image\":{\"@id\":\"https:\/\/oakgent.be\/fr\/#\/schema\/logo\/image\/\"},\"sameAs\":[\"https:\/\/www.facebook.com\/Oakgent\",\"https:\/\/www.instagram.com\/oak_gent\/\"]}]}<\/script>\n<!-- \/ Yoast SEO plugin. -->","yoast_head_json":{"title":"Conditions g\u00e9n\u00e9rales - Oak Gent","robots":{"index":"index","follow":"follow","max-snippet":"max-snippet:-1","max-image-preview":"max-image-preview:large","max-video-preview":"max-video-preview:-1"},"canonical":"https:\/\/oakgent.be\/fr\/conditions-generales\/","og_locale":"fr_FR","og_type":"article","og_title":"Conditions g\u00e9n\u00e9rales - Oak Gent","og_description":"OAK Conditions g\u00e9n\u00e9rales Conditions g\u00e9n\u00e9rales Ces conditions g\u00e9n\u00e9rales s&rsquo;appliquent \u00e0 toutes les commandes pass\u00e9es sur notre boutique en ligne OAK. En passant une commande, vous acceptez ces conditions. Livraison Nous exp\u00e9dions nos produits via notre transporteur et nous visons \u00e0 exp\u00e9dier les commandes dans les 8 jours. Les frais d&rsquo;exp\u00e9dition pour chaque commande sont de [&hellip;]","og_url":"https:\/\/oakgent.be\/fr\/conditions-generales\/","og_site_name":"Oak Gent","article_publisher":"https:\/\/www.facebook.com\/Oakgent","article_modified_time":"2024-12-17T14:14:21+00:00","twitter_card":"summary_large_image","twitter_misc":{"Dur\u00e9e de lecture estim\u00e9e":"2 minutes"},"schema":{"@context":"https:\/\/schema.org","@graph":[{"@type":"WebPage","@id":"https:\/\/oakgent.be\/fr\/conditions-generales\/","url":"https:\/\/oakgent.be\/fr\/conditions-generales\/","name":"Conditions g\u00e9n\u00e9rales - Oak Gent","isPartOf":{"@id":"https:\/\/oakgent.be\/fr\/#website"},"datePublished":"2023-01-13T14:29:23+00:00","dateModified":"2024-12-17T14:14:21+00:00","breadcrumb":{"@id":"https:\/\/oakgent.be\/fr\/conditions-generales\/#breadcrumb"},"inLanguage":"fr-FR","potentialAction":[{"@type":"ReadAction","target":["https:\/\/oakgent.be\/fr\/conditions-generales\/"]}]},{"@type":"BreadcrumbList","@id":"https:\/\/oakgent.be\/fr\/conditions-generales\/#breadcrumb","itemListElement":[{"@type":"ListItem","position":1,"name":"Home","item":"https:\/\/oakgent.be\/fr\/"},{"@type":"ListItem","position":2,"name":"Conditions g\u00e9n\u00e9rales"}]},{"@type":"WebSite","@id":"https:\/\/oakgent.be\/fr\/#website","url":"https:\/\/oakgent.be\/fr\/","name":"Oak Gent","description":"","publisher":{"@id":"https:\/\/oakgent.be\/fr\/#organization"},"potentialAction":[{"@type":"SearchAction","target":{"@type":"EntryPoint","urlTemplate":"https:\/\/oakgent.be\/fr\/?s={search_term_string}"},"query-input":{"@type":"PropertyValueSpecification","valueRequired":true,"valueName":"search_term_string"}}],"inLanguage":"fr-FR"},{"@type":"Organization","@id":"https:\/\/oakgent.be\/fr\/#organization","name":"Oak Gent","url":"https:\/\/oakgent.be\/fr\/","logo":{"@type":"ImageObject","inLanguage":"fr-FR","@id":"https:\/\/oakgent.be\/fr\/#\/schema\/logo\/image\/","url":"https:\/\/oakgent.be\/wp-content\/uploads\/2022\/12\/cropped-favicon-2.jpg","contentUrl":"https:\/\/oakgent.be\/wp-content\/uploads\/2022\/12\/cropped-favicon-2.jpg","width":512,"height":512,"caption":"Oak Gent"},"image":{"@id":"https:\/\/oakgent.be\/fr\/#\/schema\/logo\/image\/"},"sameAs":["https:\/\/www.facebook.com\/Oakgent","https:\/\/www.instagram.com\/oak_gent\/"]}]}},"jetpack_sharing_enabled":true,"_links":{"self":[{"href":"https:\/\/oakgent.be\/fr\/wp-json\/wp\/v2\/pages\/1005","targetHints":{"allow":["GET"]}}],"collection":[{"href":"https:\/\/oakgent.be\/fr\/wp-json\/wp\/v2\/pages"}],"about":[{"href":"https:\/\/oakgent.be\/fr\/wp-json\/wp\/v2\/types\/page"}],"author":[{"embeddable":true,"href":"https:\/\/oakgent.be\/fr\/wp-json\/wp\/v2\/users\/1"}],"replies":[{"embeddable":true,"href":"https:\/\/oakgent.be\/fr\/wp-json\/wp\/v2\/comments?post=1005"}],"version-history":[{"count":5,"href":"https:\/\/oakgent.be\/fr\/wp-json\/wp\/v2\/pages\/1005\/revisions"}],"predecessor-version":[{"id":1849,"href":"https:\/\/oakgent.be\/fr\/wp-json\/wp\/v2\/pages\/1005\/revisions\/1849"}],"wp:attachment":[{"href":"https:\/\/oakgent.be\/fr\/wp-json\/wp\/v2\/media?parent=1005"}],"curies":[{"name":"wp","href":"https:\/\/api.w.org\/{rel}","templated":true}]}}