{"id":977,"date":"2022-12-13T16:15:35","date_gmt":"2022-12-13T14:15:35","guid":{"rendered":"https:\/\/oakgent.be\/reservations\/"},"modified":"2025-08-01T17:32:56","modified_gmt":"2025-08-01T15:32:56","slug":"reservations","status":"publish","type":"page","link":"https:\/\/oakgent.be\/fr\/reservations\/","title":{"rendered":"R\u00e9servations"},"content":{"rendered":"\t\t<div data-elementor-type=\"wp-page\" data-elementor-id=\"977\" class=\"elementor elementor-977 elementor-140\" data-elementor-post-type=\"page\">\n\t\t\t\t\t\t<section class=\"elementor-section elementor-top-section elementor-element elementor-element-363653a elementor-section-height-min-height page-content elementor-section-boxed elementor-section-height-default elementor-section-items-middle\" data-id=\"363653a\" data-element_type=\"section\">\n\t\t\t\t\t\t<div class=\"elementor-container elementor-column-gap-default\">\n\t\t\t\t\t<div class=\"elementor-column elementor-col-100 elementor-top-column elementor-element elementor-element-ec89894\" data-id=\"ec89894\" data-element_type=\"column\">\n\t\t\t<div class=\"elementor-widget-wrap elementor-element-populated\">\n\t\t\t\t\t\t<div class=\"elementor-element elementor-element-380ff4a elementor-hidden-widescreen elementor-hidden-desktop elementor-hidden-tablet elementor-widget elementor-widget-image\" data-id=\"380ff4a\" data-element_type=\"widget\" data-widget_type=\"image.default\">\n\t\t\t\t<div class=\"elementor-widget-container\">\n\t\t\t\t\t\t\t\t\t\t\t\t\t\t\t<img fetchpriority=\"high\" decoding=\"async\" width=\"800\" height=\"802\" src=\"https:\/\/oakgent.be\/wp-content\/uploads\/2022\/12\/oak-new-logo-mobile-1021x1024.png\" class=\"attachment-large size-large wp-image-1596\" alt=\"\" srcset=\"https:\/\/oakgent.be\/wp-content\/uploads\/2022\/12\/oak-new-logo-mobile-1021x1024.png 1021w, https:\/\/oakgent.be\/wp-content\/uploads\/2022\/12\/oak-new-logo-mobile-300x300.png 300w, https:\/\/oakgent.be\/wp-content\/uploads\/2022\/12\/oak-new-logo-mobile-150x150.png 150w, https:\/\/oakgent.be\/wp-content\/uploads\/2022\/12\/oak-new-logo-mobile-768x770.png 768w, https:\/\/oakgent.be\/wp-content\/uploads\/2022\/12\/oak-new-logo-mobile-1532x1536.png 1532w, https:\/\/oakgent.be\/wp-content\/uploads\/2022\/12\/oak-new-logo-mobile-600x602.png 600w, https:\/\/oakgent.be\/wp-content\/uploads\/2022\/12\/oak-new-logo-mobile-100x100.png 100w, https:\/\/oakgent.be\/wp-content\/uploads\/2022\/12\/oak-new-logo-mobile.png 1708w\" sizes=\"(max-width: 800px) 100vw, 800px\" \/>\t\t\t\t\t\t\t\t\t\t\t\t\t\t\t<\/div>\n\t\t\t\t<\/div>\n\t\t\t\t<div class=\"elementor-element elementor-element-458a1c0 elementor-widget elementor-widget-heading\" data-id=\"458a1c0\" data-element_type=\"widget\" data-widget_type=\"heading.default\">\n\t\t\t\t<div class=\"elementor-widget-container\">\n\t\t\t\t\t<h2 class=\"elementor-heading-title elementor-size-default\">R\u00e9servations<\/h2>\t\t\t\t<\/div>\n\t\t\t\t<\/div>\n\t\t\t\t<div class=\"elementor-element elementor-element-1e73eb2 elementor-widget elementor-widget-html\" data-id=\"1e73eb2\" data-element_type=\"widget\" data-widget_type=\"html.default\">\n\t\t\t\t<div class=\"elementor-widget-container\">\n\t\t\t\t\t<div id=\"Tock_widget_container\" data-tock-display-mode=\"Button\" data-tock-color-mode=\"Blue\" data-tock-locale=\"fr-be\" data-tock-timezone=\"Europe\/Brussels\"><\/div>\t\t\t\t<\/div>\n\t\t\t\t<\/div>\n\t\t\t\t\t<\/div>\n\t\t<\/div>\n\t\t\t\t\t<\/div>\n\t\t<\/section>\n\t\t\t\t<\/div>\n\t\t","protected":false},"excerpt":{"rendered":"<p>R\u00e9servations<\/p>\n","protected":false},"author":1,"featured_media":0,"parent":0,"menu_order":0,"comment_status":"closed","ping_status":"closed","template":"","meta":{"_acf_changed":false,"footnotes":""},"class_list":["post-977","page","type-page","status-publish","hentry"],"acf":[],"yoast_head":"<!-- This site is optimized with the Yoast SEO plugin v26.5 - https:\/\/yoast.com\/wordpress\/plugins\/seo\/ -->\n<title>R\u00e9servations<\/title>\n<meta name=\"description\" content=\"Pour r\u00e9server de 7 personnes, s&#039;il vous pla\u00eet envoyer un email \u00e0 info@oakgent.be\" \/>\n<meta name=\"robots\" content=\"index, follow, max-snippet:-1, max-image-preview:large, max-video-preview:-1\" \/>\n<link rel=\"canonical\" href=\"https:\/\/oakgent.be\/fr\/reservations\/\" \/>\n<meta property=\"og:locale\" content=\"fr_FR\" \/>\n<meta property=\"og:type\" content=\"article\" \/>\n<meta property=\"og:title\" content=\"R\u00e9servations\" \/>\n<meta property=\"og:description\" content=\"Pour r\u00e9server de 7 personnes, s&#039;il vous pla\u00eet envoyer un email \u00e0 info@oakgent.be\" \/>\n<meta property=\"og:url\" content=\"https:\/\/oakgent.be\/fr\/reservations\/\" \/>\n<meta property=\"og:site_name\" content=\"Oak Gent\" \/>\n<meta property=\"article:publisher\" content=\"https:\/\/www.facebook.com\/Oakgent\" \/>\n<meta property=\"article:modified_time\" content=\"2025-08-01T15:32:56+00:00\" \/>\n<meta property=\"og:image\" content=\"https:\/\/oakgent.be\/wp-content\/uploads\/2022\/12\/oak-new-logo-mobile.png\" \/>\n\t<meta property=\"og:image:width\" content=\"1708\" \/>\n\t<meta property=\"og:image:height\" content=\"1713\" \/>\n\t<meta property=\"og:image:type\" content=\"image\/png\" \/>\n<meta name=\"twitter:card\" content=\"summary_large_image\" \/>\n<script type=\"application\/ld+json\" class=\"yoast-schema-graph\">{\"@context\":\"https:\/\/schema.org\",\"@graph\":[{\"@type\":\"WebPage\",\"@id\":\"https:\/\/oakgent.be\/fr\/reservations\/\",\"url\":\"https:\/\/oakgent.be\/fr\/reservations\/\",\"name\":\"R\u00e9servations\",\"isPartOf\":{\"@id\":\"https:\/\/oakgent.be\/fr\/#website\"},\"primaryImageOfPage\":{\"@id\":\"https:\/\/oakgent.be\/fr\/reservations\/#primaryimage\"},\"image\":{\"@id\":\"https:\/\/oakgent.be\/fr\/reservations\/#primaryimage\"},\"thumbnailUrl\":\"https:\/\/oakgent.be\/wp-content\/uploads\/2022\/12\/oak-new-logo-mobile-1021x1024.png\",\"datePublished\":\"2022-12-13T14:15:35+00:00\",\"dateModified\":\"2025-08-01T15:32:56+00:00\",\"description\":\"Pour r\u00e9server de 7 personnes, s'il vous pla\u00eet envoyer un email \u00e0 info@oakgent.be\",\"breadcrumb\":{\"@id\":\"https:\/\/oakgent.be\/fr\/reservations\/#breadcrumb\"},\"inLanguage\":\"fr-FR\",\"potentialAction\":[{\"@type\":\"ReadAction\",\"target\":[\"https:\/\/oakgent.be\/fr\/reservations\/\"]}]},{\"@type\":\"ImageObject\",\"inLanguage\":\"fr-FR\",\"@id\":\"https:\/\/oakgent.be\/fr\/reservations\/#primaryimage\",\"url\":\"https:\/\/oakgent.be\/wp-content\/uploads\/2022\/12\/oak-new-logo-mobile-1021x1024.png\",\"contentUrl\":\"https:\/\/oakgent.be\/wp-content\/uploads\/2022\/12\/oak-new-logo-mobile-1021x1024.png\"},{\"@type\":\"BreadcrumbList\",\"@id\":\"https:\/\/oakgent.be\/fr\/reservations\/#breadcrumb\",\"itemListElement\":[{\"@type\":\"ListItem\",\"position\":1,\"name\":\"Home\",\"item\":\"https:\/\/oakgent.be\/fr\/\"},{\"@type\":\"ListItem\",\"position\":2,\"name\":\"R\u00e9servations\"}]},{\"@type\":\"WebSite\",\"@id\":\"https:\/\/oakgent.be\/fr\/#website\",\"url\":\"https:\/\/oakgent.be\/fr\/\",\"name\":\"Oak Gent\",\"description\":\"\",\"publisher\":{\"@id\":\"https:\/\/oakgent.be\/fr\/#organization\"},\"potentialAction\":[{\"@type\":\"SearchAction\",\"target\":{\"@type\":\"EntryPoint\",\"urlTemplate\":\"https:\/\/oakgent.be\/fr\/?s={search_term_string}\"},\"query-input\":{\"@type\":\"PropertyValueSpecification\",\"valueRequired\":true,\"valueName\":\"search_term_string\"}}],\"inLanguage\":\"fr-FR\"},{\"@type\":\"Organization\",\"@id\":\"https:\/\/oakgent.be\/fr\/#organization\",\"name\":\"Oak Gent\",\"url\":\"https:\/\/oakgent.be\/fr\/\",\"logo\":{\"@type\":\"ImageObject\",\"inLanguage\":\"fr-FR\",\"@id\":\"https:\/\/oakgent.be\/fr\/#\/schema\/logo\/image\/\",\"url\":\"https:\/\/oakgent.be\/wp-content\/uploads\/2022\/12\/cropped-favicon-2.jpg\",\"contentUrl\":\"https:\/\/oakgent.be\/wp-content\/uploads\/2022\/12\/cropped-favicon-2.jpg\",\"width\":512,\"height\":512,\"caption\":\"Oak Gent\"},\"image\":{\"@id\":\"https:\/\/oakgent.be\/fr\/#\/schema\/logo\/image\/\"},\"sameAs\":[\"https:\/\/www.facebook.com\/Oakgent\",\"https:\/\/www.instagram.com\/oak_gent\/\"]}]}<\/script>\n<!-- \/ Yoast SEO plugin. -->","yoast_head_json":{"title":"R\u00e9servations","description":"Pour r\u00e9server de 7 personnes, s'il vous pla\u00eet envoyer un email \u00e0 info@oakgent.be","robots":{"index":"index","follow":"follow","max-snippet":"max-snippet:-1","max-image-preview":"max-image-preview:large","max-video-preview":"max-video-preview:-1"},"canonical":"https:\/\/oakgent.be\/fr\/reservations\/","og_locale":"fr_FR","og_type":"article","og_title":"R\u00e9servations","og_description":"Pour r\u00e9server de 7 personnes, s'il vous pla\u00eet envoyer un email \u00e0 info@oakgent.be","og_url":"https:\/\/oakgent.be\/fr\/reservations\/","og_site_name":"Oak Gent","article_publisher":"https:\/\/www.facebook.com\/Oakgent","article_modified_time":"2025-08-01T15:32:56+00:00","og_image":[{"width":1708,"height":1713,"url":"https:\/\/oakgent.be\/wp-content\/uploads\/2022\/12\/oak-new-logo-mobile.png","type":"image\/png"}],"twitter_card":"summary_large_image","schema":{"@context":"https:\/\/schema.org","@graph":[{"@type":"WebPage","@id":"https:\/\/oakgent.be\/fr\/reservations\/","url":"https:\/\/oakgent.be\/fr\/reservations\/","name":"R\u00e9servations","isPartOf":{"@id":"https:\/\/oakgent.be\/fr\/#website"},"primaryImageOfPage":{"@id":"https:\/\/oakgent.be\/fr\/reservations\/#primaryimage"},"image":{"@id":"https:\/\/oakgent.be\/fr\/reservations\/#primaryimage"},"thumbnailUrl":"https:\/\/oakgent.be\/wp-content\/uploads\/2022\/12\/oak-new-logo-mobile-1021x1024.png","datePublished":"2022-12-13T14:15:35+00:00","dateModified":"2025-08-01T15:32:56+00:00","description":"Pour r\u00e9server de 7 personnes, s'il vous pla\u00eet envoyer un email \u00e0 info@oakgent.be","breadcrumb":{"@id":"https:\/\/oakgent.be\/fr\/reservations\/#breadcrumb"},"inLanguage":"fr-FR","potentialAction":[{"@type":"ReadAction","target":["https:\/\/oakgent.be\/fr\/reservations\/"]}]},{"@type":"ImageObject","inLanguage":"fr-FR","@id":"https:\/\/oakgent.be\/fr\/reservations\/#primaryimage","url":"https:\/\/oakgent.be\/wp-content\/uploads\/2022\/12\/oak-new-logo-mobile-1021x1024.png","contentUrl":"https:\/\/oakgent.be\/wp-content\/uploads\/2022\/12\/oak-new-logo-mobile-1021x1024.png"},{"@type":"BreadcrumbList","@id":"https:\/\/oakgent.be\/fr\/reservations\/#breadcrumb","itemListElement":[{"@type":"ListItem","position":1,"name":"Home","item":"https:\/\/oakgent.be\/fr\/"},{"@type":"ListItem","position":2,"name":"R\u00e9servations"}]},{"@type":"WebSite","@id":"https:\/\/oakgent.be\/fr\/#website","url":"https:\/\/oakgent.be\/fr\/","name":"Oak Gent","description":"","publisher":{"@id":"https:\/\/oakgent.be\/fr\/#organization"},"potentialAction":[{"@type":"SearchAction","target":{"@type":"EntryPoint","urlTemplate":"https:\/\/oakgent.be\/fr\/?s={search_term_string}"},"query-input":{"@type":"PropertyValueSpecification","valueRequired":true,"valueName":"search_term_string"}}],"inLanguage":"fr-FR"},{"@type":"Organization","@id":"https:\/\/oakgent.be\/fr\/#organization","name":"Oak Gent","url":"https:\/\/oakgent.be\/fr\/","logo":{"@type":"ImageObject","inLanguage":"fr-FR","@id":"https:\/\/oakgent.be\/fr\/#\/schema\/logo\/image\/","url":"https:\/\/oakgent.be\/wp-content\/uploads\/2022\/12\/cropped-favicon-2.jpg","contentUrl":"https:\/\/oakgent.be\/wp-content\/uploads\/2022\/12\/cropped-favicon-2.jpg","width":512,"height":512,"caption":"Oak Gent"},"image":{"@id":"https:\/\/oakgent.be\/fr\/#\/schema\/logo\/image\/"},"sameAs":["https:\/\/www.facebook.com\/Oakgent","https:\/\/www.instagram.com\/oak_gent\/"]}]}},"jetpack_sharing_enabled":true,"_links":{"self":[{"href":"https:\/\/oakgent.be\/fr\/wp-json\/wp\/v2\/pages\/977","targetHints":{"allow":["GET"]}}],"collection":[{"href":"https:\/\/oakgent.be\/fr\/wp-json\/wp\/v2\/pages"}],"about":[{"href":"https:\/\/oakgent.be\/fr\/wp-json\/wp\/v2\/types\/page"}],"author":[{"embeddable":true,"href":"https:\/\/oakgent.be\/fr\/wp-json\/wp\/v2\/users\/1"}],"replies":[{"embeddable":true,"href":"https:\/\/oakgent.be\/fr\/wp-json\/wp\/v2\/comments?post=977"}],"version-history":[{"count":5,"href":"https:\/\/oakgent.be\/fr\/wp-json\/wp\/v2\/pages\/977\/revisions"}],"predecessor-version":[{"id":2402,"href":"https:\/\/oakgent.be\/fr\/wp-json\/wp\/v2\/pages\/977\/revisions\/2402"}],"wp:attachment":[{"href":"https:\/\/oakgent.be\/fr\/wp-json\/wp\/v2\/media?parent=977"}],"curies":[{"name":"wp","href":"https:\/\/api.w.org\/{rel}","templated":true}]}}