{"id":997,"date":"2022-12-11T18:05:02","date_gmt":"2022-12-11T17:05:02","guid":{"rendered":"https:\/\/oakgent.be\/menu\/"},"modified":"2026-02-24T22:33:23","modified_gmt":"2026-02-24T21:33:23","slug":"menu","status":"publish","type":"page","link":"https:\/\/oakgent.be\/fr\/menu\/","title":{"rendered":"Menu"},"content":{"rendered":"\t\t<div data-elementor-type=\"wp-page\" data-elementor-id=\"997\" class=\"elementor elementor-997 elementor-82\" data-elementor-post-type=\"page\">\n\t\t\t\t\t\t<section class=\"elementor-section elementor-top-section elementor-element elementor-element-e20aae2 elementor-section-height-min-height elementor-section-boxed elementor-section-height-default elementor-section-items-middle\" data-id=\"e20aae2\" data-element_type=\"section\">\n\t\t\t\t\t\t<div class=\"elementor-container elementor-column-gap-default\">\n\t\t\t\t\t<div class=\"elementor-column elementor-col-100 elementor-top-column elementor-element elementor-element-70115d0\" data-id=\"70115d0\" data-element_type=\"column\">\n\t\t\t<div class=\"elementor-widget-wrap elementor-element-populated\">\n\t\t\t\t\t\t<div class=\"elementor-element elementor-element-de7f749 elementor-hidden-desktop elementor-hidden-tablet elementor-hidden-widescreen elementor-widget elementor-widget-heading\" data-id=\"de7f749\" data-element_type=\"widget\" data-widget_type=\"heading.default\">\n\t\t\t\t<div class=\"elementor-widget-container\">\n\t\t\t\t\t<h2 class=\"elementor-heading-title elementor-size-default\"><a href=\"https:\/\/oakgent.be\/fr\/\">OAK<\/a><\/h2>\t\t\t\t<\/div>\n\t\t\t\t<\/div>\n\t\t\t\t<div class=\"elementor-element elementor-element-21ca4d1 elementor-widget elementor-widget-heading\" data-id=\"21ca4d1\" data-element_type=\"widget\" data-widget_type=\"heading.default\">\n\t\t\t\t<div class=\"elementor-widget-container\">\n\t\t\t\t\t<h2 class=\"elementor-heading-title elementor-size-default\">menu<\/h2>\t\t\t\t<\/div>\n\t\t\t\t<\/div>\n\t\t\t\t<div class=\"elementor-element elementor-element-3955e78 elementor-widget elementor-widget-text-editor\" data-id=\"3955e78\" data-element_type=\"widget\" data-widget_type=\"text-editor.default\">\n\t\t\t\t<div class=\"elementor-widget-container\">\n\t\t\t\t\t\t\t\t\t<p class=\"MsoNormal\"><span lang=\"FR-BE\" style=\"font-size: 10pt; line-height: 107%;\">OAK incarne une approche culinaire moderne, tissant\nharmonieusement des inspirations mondiales dans notre menu. En utilisant\nprincipalement des ingr\u00e9dients frais et de saison, nos plats mettent en lumi\u00e8re\nla puret\u00e9 des composants individuels, trait\u00e9s avec expertise pour \u00e9lever chaque\nplat \u00e0 un niveau de saveur in\u00e9gal\u00e9.<o:p><\/o:p><\/span><\/p>\t\t\t\t\t\t\t\t<\/div>\n\t\t\t\t<\/div>\n\t\t\t\t<section class=\"elementor-section elementor-inner-section elementor-element elementor-element-adfa8fd elementor-section-boxed elementor-section-height-default elementor-section-height-default\" data-id=\"adfa8fd\" data-element_type=\"section\">\n\t\t\t\t\t\t<div class=\"elementor-container elementor-column-gap-default\">\n\t\t\t\t\t<div class=\"elementor-column elementor-col-50 elementor-inner-column elementor-element elementor-element-6e95683\" data-id=\"6e95683\" data-element_type=\"column\">\n\t\t\t<div class=\"elementor-widget-wrap elementor-element-populated\">\n\t\t\t\t\t\t<div class=\"elementor-element elementor-element-2632018 elementor-widget elementor-widget-text-editor\" data-id=\"2632018\" data-element_type=\"widget\" data-widget_type=\"text-editor.default\">\n\t\t\t\t<div class=\"elementor-widget-container\">\n\t\t\t\t\t\t\t\t\t<p>Apr\u00e8s-midi :<\/p>\n<p>En plus de notre d\u00e9jeuner d&rsquo;affaires fixe de 4 plats servi chaque apr\u00e8s-midi \u00e0 OAK, nous offrons \u00e9galement la possibilit\u00e9 d&rsquo;enrichir votre exp\u00e9rience avec notre formule flexible de 5 ou 6 plats.<\/p>\n<p>Discovery:&nbsp; &nbsp; &nbsp;129 euros pp.<br>Experience:&nbsp; &nbsp;139 euros pp.<br>Chef\u2019s Menu: 159 euros pp.<\/p>\n<p>A partir de 5 personnes, nous ne servons que le menu du Chef.<\/p>\t\t\t\t\t\t\t\t<\/div>\n\t\t\t\t<\/div>\n\t\t\t\t\t<\/div>\n\t\t<\/div>\n\t\t\t\t<div class=\"elementor-column elementor-col-50 elementor-inner-column elementor-element elementor-element-924a04b\" data-id=\"924a04b\" data-element_type=\"column\">\n\t\t\t<div class=\"elementor-widget-wrap elementor-element-populated\">\n\t\t\t\t\t\t<div class=\"elementor-element elementor-element-ca12064 elementor-widget elementor-widget-text-editor\" data-id=\"ca12064\" data-element_type=\"widget\" data-widget_type=\"text-editor.default\">\n\t\t\t\t<div class=\"elementor-widget-container\">\n\t\t\t\t\t\t\t\t\t<p>Soir\u00e9e :<\/p><p><span lang=\"FR-BE\">Laissez chaque soir \u00e0 OAK se d\u00e9rouler comme une exp\u00e9rience culinaire inoubliable avec notre magnifique menu de 6 plats soigneusement \u00e9labor\u00e9.<\/span><\/p><p><span style=\"color: var( --e-global-color-text ); font-family: var( --e-global-typography-text-font-family ), Sans-serif; font-size: var( --e-global-typography-text-font-size ); font-weight: var( --e-global-typography-text-font-weight );\">Chef\u2019s Menu<\/span>: 159 euros pp.<\/p>\t\t\t\t\t\t\t\t<\/div>\n\t\t\t\t<\/div>\n\t\t\t\t\t<\/div>\n\t\t<\/div>\n\t\t\t\t\t<\/div>\n\t\t<\/section>\n\t\t\t\t<div class=\"elementor-element elementor-element-9a34029 elementor-widget elementor-widget-text-editor\" data-id=\"9a34029\" data-element_type=\"widget\" data-widget_type=\"text-editor.default\">\n\t\t\t\t<div class=\"elementor-widget-container\">\n\t\t\t\t\t\t\t\t\t<p>Les informations ci-dessus sont susceptibles d&rsquo;\u00eatre modifi\u00e9es (prix, menu ou concept).<\/p>\n<p>Les prix indiqu\u00e9s n&rsquo;incluent pas les boissons.<\/p>\n<p>Notre menu a \u00e9t\u00e9 \u00e9labor\u00e9 avec soin et cr\u00e9ativit\u00e9. Par cons\u00e9quent, nous ne pouvons prendre en compte que partiellement les r\u00e9gimes alimentaires et les allergies.<\/p>\n<p>Vous trouverez ci-dessous la liste des options disponibles et de celles qui ne le sont pas. Veuillez nous faire part de vos pr\u00e9f\u00e9rences lors de votre r\u00e9servation.*<\/p>\n<p>\u2022 V\u00e9g\u00e9tarien : Nous proposons un menu enti\u00e8rement v\u00e9g\u00e9tarien sur demande. Nous ne proposons pas de plats v\u00e9g\u00e9taliens.<\/p>\n<p>\u2022 Poissons et fruits de mer : Allergique \u00e0 l&rsquo;un d&rsquo;eux ? Nous adapterons le menu. Allergique aux trois ? Dans ce cas, nous privil\u00e9gions les plats v\u00e9g\u00e9tariens.<\/p>\n<p>\u2022 Gluten : Nous pouvons pr\u00e9parer des plats sans gluten. Veuillez noter que la sauce soja est pr\u00e9sente dans plusieurs plats.<\/p>\n<p>\u2022 Lactose : Nous pouvons r\u00e9duire la teneur en lactose, mais pas l&rsquo;\u00e9liminer compl\u00e8tement.<\/p>\n<p>\u2022 Champignons : Nous les retirons des plats, mais ils sont pr\u00e9sents dans nos bouillons.<\/p>\n<p>\u2022 Ingr\u00e9dients de base : Ils restent au menu, tels que les \u0153ufs, les \u00e9pinards, les agrumes, le vinaigre, l&rsquo;ail, le poireau, le c\u00e9leri, l&rsquo;oignon et les ingr\u00e9dients similaires.<\/p><p>\u2022 Droit de bouchon : 75 \u20ac, maximum 1 bouteille par r\u00e9servation<\/p>\t\t\t\t\t\t\t\t<\/div>\n\t\t\t\t<\/div>\n\t\t\t\t\t<\/div>\n\t\t<\/div>\n\t\t\t\t\t<\/div>\n\t\t<\/section>\n\t\t\t\t<\/div>\n\t\t","protected":false},"excerpt":{"rendered":"<p>OAK menu OAK incarne une approche culinaire moderne, tissant harmonieusement des inspirations mondiales dans notre menu. En utilisant principalement des ingr\u00e9dients frais et de saison, nos plats mettent en lumi\u00e8re la puret\u00e9 des composants individuels, trait\u00e9s avec expertise pour \u00e9lever chaque plat \u00e0 un niveau de saveur in\u00e9gal\u00e9. Apr\u00e8s-midi : En plus de notre d\u00e9jeuner [&hellip;]<\/p>\n","protected":false},"author":1,"featured_media":0,"parent":0,"menu_order":0,"comment_status":"closed","ping_status":"closed","template":"","meta":{"_acf_changed":false,"footnotes":""},"class_list":["post-997","page","type-page","status-publish","hentry"],"acf":[],"yoast_head":"<!-- This site is optimized with the Yoast SEO plugin v26.5 - https:\/\/yoast.com\/wordpress\/plugins\/seo\/ -->\n<title>Menu<\/title>\n<meta name=\"description\" content=\"OAK propose une cuisine contemporaine o\u00f9 les inspirations du monde entier se refl\u00e8tent dans le menu. Il s\u2019agit notamment de produits frais de saison et du jour.\" \/>\n<meta name=\"robots\" content=\"index, follow, max-snippet:-1, max-image-preview:large, max-video-preview:-1\" \/>\n<link rel=\"canonical\" href=\"https:\/\/oakgent.be\/fr\/menu\/\" \/>\n<meta property=\"og:locale\" content=\"fr_FR\" \/>\n<meta property=\"og:type\" content=\"article\" \/>\n<meta property=\"og:title\" content=\"Menu\" \/>\n<meta property=\"og:description\" content=\"OAK propose une cuisine contemporaine o\u00f9 les inspirations du monde entier se refl\u00e8tent dans le menu. Il s\u2019agit notamment de produits frais de saison et du jour.\" \/>\n<meta property=\"og:url\" content=\"https:\/\/oakgent.be\/fr\/menu\/\" \/>\n<meta property=\"og:site_name\" content=\"Oak Gent\" \/>\n<meta property=\"article:publisher\" content=\"https:\/\/www.facebook.com\/Oakgent\" \/>\n<meta property=\"article:modified_time\" content=\"2026-02-24T21:33:23+00:00\" \/>\n<meta name=\"twitter:card\" content=\"summary_large_image\" \/>\n<meta name=\"twitter:label1\" content=\"Dur\u00e9e de lecture estim\u00e9e\" \/>\n\t<meta name=\"twitter:data1\" content=\"2 minutes\" \/>\n<script type=\"application\/ld+json\" class=\"yoast-schema-graph\">{\"@context\":\"https:\/\/schema.org\",\"@graph\":[{\"@type\":\"WebPage\",\"@id\":\"https:\/\/oakgent.be\/fr\/menu\/\",\"url\":\"https:\/\/oakgent.be\/fr\/menu\/\",\"name\":\"Menu\",\"isPartOf\":{\"@id\":\"https:\/\/oakgent.be\/fr\/#website\"},\"datePublished\":\"2022-12-11T17:05:02+00:00\",\"dateModified\":\"2026-02-24T21:33:23+00:00\",\"description\":\"OAK propose une cuisine contemporaine o\u00f9 les inspirations du monde entier se refl\u00e8tent dans le menu. Il s\u2019agit notamment de produits frais de saison et du jour.\",\"breadcrumb\":{\"@id\":\"https:\/\/oakgent.be\/fr\/menu\/#breadcrumb\"},\"inLanguage\":\"fr-FR\",\"potentialAction\":[{\"@type\":\"ReadAction\",\"target\":[\"https:\/\/oakgent.be\/fr\/menu\/\"]}]},{\"@type\":\"BreadcrumbList\",\"@id\":\"https:\/\/oakgent.be\/fr\/menu\/#breadcrumb\",\"itemListElement\":[{\"@type\":\"ListItem\",\"position\":1,\"name\":\"Home\",\"item\":\"https:\/\/oakgent.be\/fr\/\"},{\"@type\":\"ListItem\",\"position\":2,\"name\":\"Menu\"}]},{\"@type\":\"WebSite\",\"@id\":\"https:\/\/oakgent.be\/fr\/#website\",\"url\":\"https:\/\/oakgent.be\/fr\/\",\"name\":\"Oak Gent\",\"description\":\"\",\"publisher\":{\"@id\":\"https:\/\/oakgent.be\/fr\/#organization\"},\"potentialAction\":[{\"@type\":\"SearchAction\",\"target\":{\"@type\":\"EntryPoint\",\"urlTemplate\":\"https:\/\/oakgent.be\/fr\/?s={search_term_string}\"},\"query-input\":{\"@type\":\"PropertyValueSpecification\",\"valueRequired\":true,\"valueName\":\"search_term_string\"}}],\"inLanguage\":\"fr-FR\"},{\"@type\":\"Organization\",\"@id\":\"https:\/\/oakgent.be\/fr\/#organization\",\"name\":\"Oak Gent\",\"url\":\"https:\/\/oakgent.be\/fr\/\",\"logo\":{\"@type\":\"ImageObject\",\"inLanguage\":\"fr-FR\",\"@id\":\"https:\/\/oakgent.be\/fr\/#\/schema\/logo\/image\/\",\"url\":\"https:\/\/oakgent.be\/wp-content\/uploads\/2022\/12\/cropped-favicon-2.jpg\",\"contentUrl\":\"https:\/\/oakgent.be\/wp-content\/uploads\/2022\/12\/cropped-favicon-2.jpg\",\"width\":512,\"height\":512,\"caption\":\"Oak Gent\"},\"image\":{\"@id\":\"https:\/\/oakgent.be\/fr\/#\/schema\/logo\/image\/\"},\"sameAs\":[\"https:\/\/www.facebook.com\/Oakgent\",\"https:\/\/www.instagram.com\/oak_gent\/\"]}]}<\/script>\n<!-- \/ Yoast SEO plugin. -->","yoast_head_json":{"title":"Menu","description":"OAK propose une cuisine contemporaine o\u00f9 les inspirations du monde entier se refl\u00e8tent dans le menu. Il s\u2019agit notamment de produits frais de saison et du jour.","robots":{"index":"index","follow":"follow","max-snippet":"max-snippet:-1","max-image-preview":"max-image-preview:large","max-video-preview":"max-video-preview:-1"},"canonical":"https:\/\/oakgent.be\/fr\/menu\/","og_locale":"fr_FR","og_type":"article","og_title":"Menu","og_description":"OAK propose une cuisine contemporaine o\u00f9 les inspirations du monde entier se refl\u00e8tent dans le menu. Il s\u2019agit notamment de produits frais de saison et du jour.","og_url":"https:\/\/oakgent.be\/fr\/menu\/","og_site_name":"Oak Gent","article_publisher":"https:\/\/www.facebook.com\/Oakgent","article_modified_time":"2026-02-24T21:33:23+00:00","twitter_card":"summary_large_image","twitter_misc":{"Dur\u00e9e de lecture estim\u00e9e":"2 minutes"},"schema":{"@context":"https:\/\/schema.org","@graph":[{"@type":"WebPage","@id":"https:\/\/oakgent.be\/fr\/menu\/","url":"https:\/\/oakgent.be\/fr\/menu\/","name":"Menu","isPartOf":{"@id":"https:\/\/oakgent.be\/fr\/#website"},"datePublished":"2022-12-11T17:05:02+00:00","dateModified":"2026-02-24T21:33:23+00:00","description":"OAK propose une cuisine contemporaine o\u00f9 les inspirations du monde entier se refl\u00e8tent dans le menu. Il s\u2019agit notamment de produits frais de saison et du jour.","breadcrumb":{"@id":"https:\/\/oakgent.be\/fr\/menu\/#breadcrumb"},"inLanguage":"fr-FR","potentialAction":[{"@type":"ReadAction","target":["https:\/\/oakgent.be\/fr\/menu\/"]}]},{"@type":"BreadcrumbList","@id":"https:\/\/oakgent.be\/fr\/menu\/#breadcrumb","itemListElement":[{"@type":"ListItem","position":1,"name":"Home","item":"https:\/\/oakgent.be\/fr\/"},{"@type":"ListItem","position":2,"name":"Menu"}]},{"@type":"WebSite","@id":"https:\/\/oakgent.be\/fr\/#website","url":"https:\/\/oakgent.be\/fr\/","name":"Oak Gent","description":"","publisher":{"@id":"https:\/\/oakgent.be\/fr\/#organization"},"potentialAction":[{"@type":"SearchAction","target":{"@type":"EntryPoint","urlTemplate":"https:\/\/oakgent.be\/fr\/?s={search_term_string}"},"query-input":{"@type":"PropertyValueSpecification","valueRequired":true,"valueName":"search_term_string"}}],"inLanguage":"fr-FR"},{"@type":"Organization","@id":"https:\/\/oakgent.be\/fr\/#organization","name":"Oak Gent","url":"https:\/\/oakgent.be\/fr\/","logo":{"@type":"ImageObject","inLanguage":"fr-FR","@id":"https:\/\/oakgent.be\/fr\/#\/schema\/logo\/image\/","url":"https:\/\/oakgent.be\/wp-content\/uploads\/2022\/12\/cropped-favicon-2.jpg","contentUrl":"https:\/\/oakgent.be\/wp-content\/uploads\/2022\/12\/cropped-favicon-2.jpg","width":512,"height":512,"caption":"Oak Gent"},"image":{"@id":"https:\/\/oakgent.be\/fr\/#\/schema\/logo\/image\/"},"sameAs":["https:\/\/www.facebook.com\/Oakgent","https:\/\/www.instagram.com\/oak_gent\/"]}]}},"jetpack_sharing_enabled":true,"_links":{"self":[{"href":"https:\/\/oakgent.be\/fr\/wp-json\/wp\/v2\/pages\/997","targetHints":{"allow":["GET"]}}],"collection":[{"href":"https:\/\/oakgent.be\/fr\/wp-json\/wp\/v2\/pages"}],"about":[{"href":"https:\/\/oakgent.be\/fr\/wp-json\/wp\/v2\/types\/page"}],"author":[{"embeddable":true,"href":"https:\/\/oakgent.be\/fr\/wp-json\/wp\/v2\/users\/1"}],"replies":[{"embeddable":true,"href":"https:\/\/oakgent.be\/fr\/wp-json\/wp\/v2\/comments?post=997"}],"version-history":[{"count":53,"href":"https:\/\/oakgent.be\/fr\/wp-json\/wp\/v2\/pages\/997\/revisions"}],"predecessor-version":[{"id":11186,"href":"https:\/\/oakgent.be\/fr\/wp-json\/wp\/v2\/pages\/997\/revisions\/11186"}],"wp:attachment":[{"href":"https:\/\/oakgent.be\/fr\/wp-json\/wp\/v2\/media?parent=997"}],"curies":[{"name":"wp","href":"https:\/\/api.w.org\/{rel}","templated":true}]}}